{"id":819,"date":"2017-04-21T15:41:22","date_gmt":"2017-04-21T14:41:22","guid":{"rendered":"http:\/\/viverquiropratica-com.stackstaging.com\/about\/"},"modified":"2018-08-14T10:10:32","modified_gmt":"2018-08-14T09:10:32","slug":"about","status":"publish","type":"page","link":"https:\/\/viverquiropratica.com\/en\/about\/","title":{"rendered":"Chiropractic"},"content":{"rendered":"<p>[vc_row equal_height=&#8221;yes&#8221; content_placement=&#8221;middle&#8221; css=&#8221;.vc_custom_1518513743791{padding-top: 60px !important;padding-bottom: 30px !important;}&#8221;][vc_column width=&#8221;1\/2&#8243; col_padding=&#8221;2&#8243; col_padding_side=&#8221;right&#8221;][vc_single_image image=&#8221;1011&#8243; img_size=&#8221;800&#215;800&#8243; css_animation=&#8221;none&#8221; css=&#8221;.vc_custom_1527779827366{margin-bottom: 0px !important;}&#8221;][\/vc_column][vc_column width=&#8221;1\/2&#8243; col_padding=&#8221;2&#8243; col_padding_side=&#8221;left&#8221;][vc_column_text font_size=&#8221;medium&#8221;]<\/p>\n<h2>Our Story<\/h2>\n<p>Here at Viver Quiropr\u00e1tica we have a passion to serve and help people, we want to create a positive impact in our community through health and wellness. We are dedicated to helping and educating our patients to reach their highest quality of life through providing scientific and specific chiropractic. We opened our first office in Cascais in 2006. After realizing that we had many patients who worked or lived in the Lisbon area, in response to their needs, we opened our second office in Lisbon to help more people and spread the word about how we were helping people through chiropractic.<br \/>\nWe are excited and passionate about the results that are possible through chiropractic!<br \/>\nCome and check us out![\/vc_column_text]<div class=\"wpb_content_element\"><div class=\"wpb_wrapper\"><div class=\"vntd-separator separator-color-default\"><\/div><\/div><\/div>[vc_column_text]The premise of chiropractic is based on your body\u2019s ability to self-heal and self-regulate, and since the nervous system controls and coordinates these functions, changing the nervous system in a positive or negative way will affect your health proportionally.[\/vc_column_text][\/vc_column][\/vc_row][vc_row equal_height=&#8221;yes&#8221; content_placement=&#8221;middle&#8221; bg_color_pre=&#8221;bg-color-1&#8243; css=&#8221;.vc_custom_1493383393188{padding-top: 70px !important;padding-bottom: 35px !important;}&#8221;][vc_column col_padding_side=&#8221;right&#8221; css=&#8221;.vc_custom_1493057160312{padding-bottom: 15px !important;}&#8221;]<div class=\"special-heading vntd-heading heading-no-border heading-align-center heading-with-icon\"style=\"margin-bottom:65px;\"><div class=\"special-heading-icon colored\"><i class=\"vc_li vc_li-heart\"><\/i><\/div><h3 class=\"special-heading-title\">Chiropractic<\/h3><p class=\"special-heading-subtitle\">Advantages of Chiropractic!<\/p><\/div>[vc_tta_tabs style=&#8221;modern&#8221; shape=&#8221;square&#8221; color=&#8221;sky&#8221; alignment=&#8221;center&#8221; active_section=&#8221;1&#8243;][vc_tta_section title=&#8221;General&#8221; tab_id=&#8221;1486057858363-25cef2bc-7be0c2cb-619c65e6-fc96&#8243;][vc_row_inner][vc_column_inner][vc_text_separator title=&#8221;What is Chiropractic? &#8220;][vc_column_text]Chiropractic is a health profession that focuses on the inherent power within your body to self-heal and self-regulate. This inherent power is controlled and regulated by your nervous system. We experience problems with this power when there is interference in the function of our nervous system, this interference can affect the control and coordination of the way that your body self-heals and self-regulates.<br \/>\nAs the nervous system is one of the most delicate systems in your body, it needs protection, which is provided by the skeleton, specifically your skull and spine. Not only does the spine protect the nervous system, it also offers a structural base for your muscles and a vast possibility of movement for our human frame. Unfortunately, things such as bad posture, slips, falls, car accidents, repetitive movements, sports injuries or any other physical trauma can limit the ability of the spinal bones to move properly, the bones can then put pressure on the nerves causing a drop in the signal intensity of the messages sent from your brain to your body. You can imagine that if your brain is not sending the right amount of signal to your legs that you might not be able to walk and run to your best ability, or if the signal was reduced to your lungs, you probably would not be able to breathe at your best either. Sometimes this pressure is something that you can feel, however most of the time you can have pressure on the delicate spinal nerves and never feel it. It is by helping to remove this pressure on the nerves that chiropractic can better your health. We look for these areas in your spine where there is pressure\u2014which we call subluxations\u2014and relieve the pressure on your nervous system. By re-establishing the communication link between your brain and your body we help you get healthy, stay healthy and avoid creating future problems.[\/vc_column_text][\/vc_column_inner][\/vc_row_inner][\/vc_tta_section][vc_tta_section title=&#8221;Pregnancy&#8221; tab_id=&#8221;1486057858457-cc2293df-b228c2cb-619c65e6-fc96&#8243;][vc_text_separator title=&#8221;I\u2019m pregnant, how can chiropractic benefit me and my growing baby?&#8221;][vc_column_text]Pregnancy causes many changes to your body, not only your hormones, but your spine, skeleton, and ligaments will change during the process as well. Let\u2019s face it, everything changes! As stated elsewhere on this site, your CNS(central nervous system) controls and coordinates all of the delicate processes in your body, including all of the changes that you will experience and even the development of your growing baby. Making sure that your nervous system is operating at its peak, is not only beneficial to help you navigate all of these changes, but it is beneficial for the developing child as well. Moms come to us to get help dealing with issues like sciatica, lower back pain, and headaches. Pelvic or breech positioned babies, many times are caused by subtle misalignments in your pelvis, that may not hurt or cause any noticeable symptoms. With gentle chiropractic adjustments, you may be able to experience natural childbirth, and not have to resort to caesarean section surgery due to the baby being able to turn naturally inside the womb. After giving birth, many moms have aches and pains, and actually feel out of alignment, we can help your body return to, many times, even better than it was before the pregnancy. The challenge of caring for a new born can take you to the limit of your capacity, and post-partum adjustments can help you maintain your energy levels and function at your highest capacity.[\/vc_column_text][\/vc_tta_section][vc_tta_section title=&#8221;Babies and Children&#8221; tab_id=&#8221;1486058238136-4c9ea664-4128c2cb-619c65e6-fc96&#8243;][vc_text_separator title=&#8221;Did you know that chiropractic adjustments should start at birth?&#8221;][vc_column_text]Many \u201cadult\u201d spine problems have their start in the early stages of development, some, even as early as the birth process. Even \u201cnormal\u201d or \u201cnatural\u201d births can stress the nervous system and the spine, which will affect the development of the child, as the saying goes, \u201cas the twig is bent, so grows the tree.\u201d Some symptoms of nervous system interference in your child could include, but are not limited to: infantile colic, breathing difficulties, sleep issues, allergic reactions, and even chronic infections. A slight trauma during infancy or childhood can affect the future development of your spine, and this can cause problems with the function of your nervous system. For the above reasons, it makes good sense to practice good spinal hygiene in order to ensure the best possible functioning of your nervous system. Just like we teach our children to brush and take care of their teeth from a young age, taking care of your nervous system from the beginning is one of the keys to having great health.[\/vc_column_text][\/vc_tta_section][\/vc_tta_tabs][\/vc_column][\/vc_row][vc_row css=&#8221;.vc_custom_1518520634243{padding-top: 30px !important;padding-bottom: 30px !important;}&#8221;][vc_column]<div class=\"special-heading vntd-heading heading-no-border heading-align-center heading-with-icon\"style=\"margin-bottom:65px;\"><div class=\"special-heading-icon colored\"><i class=\"vc_li vc_li-heart\"><\/i><\/div><h3 class=\"special-heading-title\">Chiropractic<\/h3><p class=\"special-heading-subtitle\">Find out some of the benifts!<\/p><\/div>[vc_row_inner css=&#8221;.vc_custom_1518520581096{padding-top: 20px !important;padding-bottom: 30px !important;}&#8221;][vc_column_inner width=&#8221;1\/3&#8243;]<div class=\"vntd-icon-box vntd-content-element box-aligned-left-basic box-aligned box-aligned-left\"><div class=\"icon-box-icon color-accent\"><i class=\"vc-oi vc-oi-info\"><\/i><\/div><div class=\"icon-box-content\"><h5 class=\"icon-box-title\">O Poder!<\/h5><p class=\"icon-description\">O poder que fez o corpo, cura o corpo!<\/p><\/div><\/div>[\/vc_column_inner][vc_column_inner width=&#8221;1\/3&#8243;]<div class=\"vntd-icon-box vntd-content-element box-aligned-left-basic box-aligned box-aligned-left\"><div class=\"icon-box-icon color-accent\"><i class=\"vc-oi vc-oi-info\"><\/i><\/div><div class=\"icon-box-content\"><h5 class=\"icon-box-title\">A sua Vida!<\/h5><p class=\"icon-description\">Voc\u00ea vive a sua vida atrav\u00e9s do seu sistema nervoso.<\/p><\/div><\/div>[\/vc_column_inner][vc_column_inner width=&#8221;1\/3&#8243;]<div class=\"vntd-icon-box vntd-content-element box-aligned-left-basic box-aligned box-aligned-left\"><div class=\"icon-box-icon color-accent\"><i class=\"vc-oi vc-oi-info\"><\/i><\/div><div class=\"icon-box-content\"><h5 class=\"icon-box-title\">D\u00ea Anos!<\/h5><p class=\"icon-description\">Dar anos \u00e0 sua vida e vida aos seus anos.<\/p><\/div><\/div>[\/vc_column_inner][\/vc_row_inner][vc_row_inner css=&#8221;.vc_custom_1482167103770{padding-bottom: 60px !important;}&#8221;][vc_column_inner width=&#8221;1\/3&#8243;]<div class=\"vntd-icon-box vntd-content-element box-aligned-left-basic box-aligned box-aligned-left\"><div class=\"icon-box-icon color-accent\"><i class=\"vc-oi vc-oi-info\"><\/i><\/div><div class=\"icon-box-content\"><h5 class=\"icon-box-title\">O Stress!<\/h5><p class=\"icon-description\">A Quiropr\u00e1tica n\u00e3o altera o stress na sua vida, mas altera a forma como o seu corpo lida com esse stress.<\/p><\/div><\/div>[\/vc_column_inner][vc_column_inner width=&#8221;1\/3&#8243;]<div class=\"vntd-icon-box vntd-content-element box-aligned-left-basic box-aligned box-aligned-left\"><div class=\"icon-box-icon color-accent\"><i class=\"vc-oi vc-oi-info\"><\/i><\/div><div class=\"icon-box-content\"><h5 class=\"icon-box-title\">Trauma!<\/h5><p class=\"icon-description\">A maioria dos nascimentos provoca trauma \u00e0 espinal medula, a melhor altura para um check-up Quiropr\u00e1tico \u00e9 logo a seguir ao nascimento.<\/p><\/div><\/div>[\/vc_column_inner][vc_column_inner width=&#8221;1\/3&#8243;]<div class=\"vntd-icon-box vntd-content-element box-aligned-left-basic box-aligned box-aligned-left\"><div class=\"icon-box-icon color-accent\"><i class=\"vc-oi vc-oi-info\"><\/i><\/div><div class=\"icon-box-content\"><h5 class=\"icon-box-title\">A sua sa\u00fade!<\/h5><p class=\"icon-description\">O seu maior bem \u00e9 a sua sa\u00fade e a sa\u00fade \u00e9 o funcionamento de todos os seus \u00f3rg\u00e3os. A Quiropr\u00e1tica ajuda o sistema nervoso, que controla todas as fun\u00e7\u00f5es do seu corpo.<\/p><\/div><\/div>[\/vc_column_inner][\/vc_row_inner][vc_row_inner][vc_column_inner width=&#8221;1\/3&#8243;]<div class=\"vntd-icon-box vntd-content-element box-aligned-left-basic box-aligned box-aligned-left\"><div class=\"icon-box-icon color-accent\"><i class=\"vc-oi vc-oi-info\"><\/i><\/div><div class=\"icon-box-content\"><h5 class=\"icon-box-title\">Aus\u00eancia de Sintomas!<\/h5><p class=\"icon-description\">A sa\u00fade n\u00e3o \u00e9 apenas a aus\u00eancia de sintomas ou doen\u00e7a, \u00e9 o corpo a funcionar a 100%, sendo controlado pelo sistema nervoso central.<\/p><\/div><\/div>[\/vc_column_inner][vc_column_inner width=&#8221;1\/3&#8243;]<div class=\"vntd-icon-box vntd-content-element box-aligned-left-basic box-aligned box-aligned-left\"><div class=\"icon-box-icon color-accent\"><i class=\"vc-oi vc-oi-info\"><\/i><\/div><div class=\"icon-box-content\"><h5 class=\"icon-box-title\">Durante a gravidez!<\/h5><p class=\"icon-description\">A Quiropr\u00e1tica ajuda as mulheres gr\u00e1vidas a desfrutar melhor dos seus partos.<\/p><\/div><\/div>[\/vc_column_inner][vc_column_inner width=&#8221;1\/3&#8243;]<div class=\"vntd-icon-box vntd-content-element box-aligned-left-basic box-aligned box-aligned-left\"><div class=\"icon-box-icon color-accent\"><i class=\"vc-oi vc-oi-info\"><\/i><\/div><div class=\"icon-box-content\"><h5 class=\"icon-box-title\">A Postura!<\/h5><p class=\"icon-description\">A postura \u00e9 a janela da coluna.<\/p><\/div><\/div>[\/vc_column_inner][\/vc_row_inner][\/vc_column][\/vc_row]<\/p>\n","protected":false},"excerpt":{"rendered":"<p>[vc_row equal_height=&#8221;yes&#8221; content_placement=&#8221;middle&#8221; css=&#8221;.vc_custom_1518513743791{padding-top: 60px !important;padding-bottom: 30px !important;}&#8221;][vc_column width=&#8221;1\/2&#8243; col_padding=&#8221;2&#8243; col_padding_side=&#8221;right&#8221;][vc_single_image image=&#8221;1011&#8243; img_size=&#8221;800&#215;800&#8243; css_animation=&#8221;none&#8221; css=&#8221;.vc_custom_1527779827366{margin-bottom: 0px !important;}&#8221;][\/vc_column][vc_column width=&#8221;1\/2&#8243; col_padding=&#8221;2&#8243; col_padding_side=&#8221;left&#8221;][vc_column_text font_size=&#8221;medium&#8221;] Our Story Here at Viver Quiropr\u00e1tica we have a passion to serve and help people, we want to create a positive impact in our community through health and wellness. [&hellip;]<\/p>\n","protected":false},"author":1,"featured_media":0,"parent":0,"menu_order":0,"comment_status":"closed","ping_status":"closed","template":"","meta":[],"_links":{"self":[{"href":"https:\/\/viverquiropratica.com\/en\/wp-json\/wp\/v2\/pages\/819"}],"collection":[{"href":"https:\/\/viverquiropratica.com\/en\/wp-json\/wp\/v2\/pages"}],"about":[{"href":"https:\/\/viverquiropratica.com\/en\/wp-json\/wp\/v2\/types\/page"}],"author":[{"embeddable":true,"href":"https:\/\/viverquiropratica.com\/en\/wp-json\/wp\/v2\/users\/1"}],"replies":[{"embeddable":true,"href":"https:\/\/viverquiropratica.com\/en\/wp-json\/wp\/v2\/comments?post=819"}],"version-history":[{"count":11,"href":"https:\/\/viverquiropratica.com\/en\/wp-json\/wp\/v2\/pages\/819\/revisions"}],"predecessor-version":[{"id":1053,"href":"https:\/\/viverquiropratica.com\/en\/wp-json\/wp\/v2\/pages\/819\/revisions\/1053"}],"wp:attachment":[{"href":"https:\/\/viverquiropratica.com\/en\/wp-json\/wp\/v2\/media?parent=819"}],"curies":[{"name":"wp","href":"https:\/\/api.w.org\/{rel}","templated":true}]}}