{"id":840,"date":"2017-04-21T15:42:07","date_gmt":"2017-04-21T15:42:07","guid":{"rendered":"http:\/\/viverquiropratica-com.stackstaging.com\/our-team\/"},"modified":"2020-11-13T12:20:52","modified_gmt":"2020-11-13T12:20:52","slug":"our-team","status":"publish","type":"page","link":"https:\/\/viverquiropratica.com\/en\/our-team\/","title":{"rendered":"The Team"},"content":{"rendered":"<p>[vc_row bg_color_pre=&#8221;bg-color-1&#8243; css=&#8221;.vc_custom_1518513888698{padding-top: 60px !important;padding-bottom: 30px !important;}&#8221;][vc_column]<div class=\"special-heading vntd-heading heading-no-border heading-align-center\"style=\"margin-bottom:60px;\"><h3 class=\"special-heading-title\">Viver Quiropr\u00e1tica team<\/h3><p class=\"special-heading-subtitle\">Our Specialists!<\/p><\/div>[vc_row_inner][vc_column_inner width=&#8221;1\/3&#8243;]<div class=\"team-item vntd-person wpb_content_element team-members-classic team-members-boxed-border\"><div class=\"item-main\"><a  class=\"item-image\"><img src=\"https:\/\/viverquiropratica.com\/wp-content\/uploads\/2018\/02\/Theo-Team.jpg\" alt=\"Theo J. Koenen\" title=\"Theo J. Koenen\"><\/a><\/div><div class=\"item-caption\"><div class=\"item-caption-inner\"><div class=\"team-caption-header\"><div class=\"team-caption-titles\"><h4 class=\"item-title team-member-name\">Theo J. Koenen<\/h4><div class=\"caption-categories member-position\">DC., CACCP<\/div><\/div><\/div><div class=\"team-caption-bio\">Has been in private practice for over 16 years. Graduated from no Parker University of Chiropractic in January 1999, where he learned various chiropractic techniques, that adapt to all ages. Certified in National Board parts I, II, III e IV\u2026<\/div><\/div><\/div><\/div>[vc_btn title=&#8221;Read more ::&#8221; shape=&#8221;square&#8221; color=&#8221;primary&#8221; size=&#8221;sm&#8221; i_icon_fontawesome=&#8221;&#8221; add_icon=&#8221;true&#8221; link=&#8221;url:http%3A%2F%2Fviverquiropratica.com%2Fen%2Four-team%2Ftheo-j-koenen%2F&#8221;][\/vc_column_inner][vc_column_inner width=&#8221;1\/3&#8243;]<div class=\"team-item vntd-person wpb_content_element team-members-classic team-members-boxed-solid\"><div class=\"item-main\"><a  class=\"item-image\"><img src=\"https:\/\/viverquiropratica.com\/wp-content\/uploads\/2018\/02\/Tanya-Team.jpg\" alt=\"Tanya Parente\" title=\"Tanya Parente\"><\/a><\/div><div class=\"item-caption\"><div class=\"item-caption-inner\"><div class=\"team-caption-header\"><div class=\"team-caption-titles\"><h4 class=\"item-title team-member-name\">Tanya Parente<\/h4><div class=\"caption-categories member-position\">DC<\/div><\/div><\/div><div class=\"team-caption-bio\">Dr Tanya Parente was born in South Africa but lives in Portugal since she was 11 years old. She considers this country her home, this is where she studied, grew up and got married. Now, she is a mother to two children, she sees Portugal the place to live\u2026<\/div><\/div><\/div><\/div>[vc_btn title=&#8221;Read more ::&#8221; shape=&#8221;square&#8221; color=&#8221;primary&#8221; size=&#8221;sm&#8221; i_icon_fontawesome=&#8221;&#8221; add_icon=&#8221;true&#8221; link=&#8221;url:http%3A%2F%2Fviverquiropratica.com%2Fen%2Four-team%2Ftanya-parente%2F&#8221;][\/vc_column_inner][vc_column_inner width=&#8221;1\/3&#8243;]<div class=\"team-item vntd-person wpb_content_element team-members-classic team-members-boxed-solid\"><div class=\"item-main\"><a  class=\"item-image\"><img src=\"https:\/\/viverquiropratica.com\/wp-content\/uploads\/2018\/02\/Equipa-Team.jpg\" alt=\"Viver Quiropratica\" title=\"Viver Quiropratica\"><\/a><\/div><div class=\"item-caption\"><div class=\"item-caption-inner\"><div class=\"team-caption-header\"><div class=\"team-caption-titles\"><h4 class=\"item-title team-member-name\">Viver Quiropratica<\/h4><div class=\"caption-categories member-position\">The team<\/div><\/div><\/div><div class=\"team-caption-bio\">A Viver Quiropr\u00e1tica tem a paix\u00e3o de servir e ajudar as pessoas, queremos criar impacto na nossa comunidade com sa\u00fade e bem-estar. Somos dedicados a educar e a ajudar os nossos pacientes a obterem uma melhor qualidade de vida...<\/div><\/div><\/div><\/div>[vc_btn title=&#8221;Ler Mais ::&#8221; shape=&#8221;square&#8221; color=&#8221;primary&#8221; size=&#8221;sm&#8221; i_icon_fontawesome=&#8221;&#8221; add_icon=&#8221;true&#8221; link=&#8221;url:http%3A%2F%2Fviverquiropratica.com%2Fen%2Four-team%2F&#8221;][\/vc_column_inner][\/vc_row_inner][\/vc_column][\/vc_row]<\/p>\n","protected":false},"excerpt":{"rendered":"<p>[vc_row bg_color_pre=&#8221;bg-color-1&#8243; css=&#8221;.vc_custom_1518513888698{padding-top: 60px !important;padding-bottom: 30px !important;}&#8221;][vc_column][vc_row_inner][vc_column_inner width=&#8221;1\/3&#8243;][vc_btn title=&#8221;Read more ::&#8221; shape=&#8221;square&#8221; color=&#8221;primary&#8221; size=&#8221;sm&#8221; i_icon_fontawesome=&#8221;&#8221; add_icon=&#8221;true&#8221; link=&#8221;url:http%3A%2F%2Fviverquiropratica.com%2Fen%2Four-team%2Ftheo-j-koenen%2F&#8221;][\/vc_column_inner][vc_column_inner width=&#8221;1\/3&#8243;][vc_btn title=&#8221;Read more ::&#8221; shape=&#8221;square&#8221; color=&#8221;primary&#8221; size=&#8221;sm&#8221; i_icon_fontawesome=&#8221;&#8221; add_icon=&#8221;true&#8221; link=&#8221;url:http%3A%2F%2Fviverquiropratica.com%2Fen%2Four-team%2Ftanya-parente%2F&#8221;][\/vc_column_inner][vc_column_inner width=&#8221;1\/3&#8243;][vc_btn title=&#8221;Ler Mais ::&#8221; shape=&#8221;square&#8221; color=&#8221;primary&#8221; size=&#8221;sm&#8221; i_icon_fontawesome=&#8221;&#8221; add_icon=&#8221;true&#8221; link=&#8221;url:http%3A%2F%2Fviverquiropratica.com%2Fen%2Four-team%2F&#8221;][\/vc_column_inner][\/vc_row_inner][\/vc_column][\/vc_row]<\/p>\n","protected":false},"author":1,"featured_media":0,"parent":0,"menu_order":0,"comment_status":"closed","ping_status":"closed","template":"","meta":[],"_links":{"self":[{"href":"https:\/\/viverquiropratica.com\/en\/wp-json\/wp\/v2\/pages\/840"}],"collection":[{"href":"https:\/\/viverquiropratica.com\/en\/wp-json\/wp\/v2\/pages"}],"about":[{"href":"https:\/\/viverquiropratica.com\/en\/wp-json\/wp\/v2\/types\/page"}],"author":[{"embeddable":true,"href":"https:\/\/viverquiropratica.com\/en\/wp-json\/wp\/v2\/users\/1"}],"replies":[{"embeddable":true,"href":"https:\/\/viverquiropratica.com\/en\/wp-json\/wp\/v2\/comments?post=840"}],"version-history":[{"count":11,"href":"https:\/\/viverquiropratica.com\/en\/wp-json\/wp\/v2\/pages\/840\/revisions"}],"predecessor-version":[{"id":1111,"href":"https:\/\/viverquiropratica.com\/en\/wp-json\/wp\/v2\/pages\/840\/revisions\/1111"}],"wp:attachment":[{"href":"https:\/\/viverquiropratica.com\/en\/wp-json\/wp\/v2\/media?parent=840"}],"curies":[{"name":"wp","href":"https:\/\/api.w.org\/{rel}","templated":true}]}}