{"id":845,"date":"2018-05-11T18:48:20","date_gmt":"2018-05-11T17:48:20","guid":{"rendered":"http:\/\/viverquiropratica-com.stackstaging.com\/?page_id=845"},"modified":"2018-05-29T17:21:59","modified_gmt":"2018-05-29T16:21:59","slug":"tanya-parente","status":"publish","type":"page","link":"https:\/\/viverquiropratica.com\/en\/our-team\/tanya-parente\/","title":{"rendered":"Tanya Parente"},"content":{"rendered":"<p>[vc_row equal_height=&#8221;yes&#8221; content_placement=&#8221;middle&#8221; css=&#8221;.vc_custom_1494851871081{padding-top: 90px !important;padding-bottom: 90px !important;}&#8221;][vc_column width=&#8221;7\/12&#8243; col_padding=&#8221;2&#8243; col_padding_side=&#8221;right&#8221;][vc_column_text css=&#8221;.vc_custom_1527610913334{margin-bottom: 18px !important;}&#8221;]<\/p>\n<h3>Tanya Parente, DC<\/h3>\n<p>[\/vc_column_text][vc_column_text font_size=&#8221;medium&#8221;]<\/p>\n<p class=\"p1\">Dr Tanya Parente was born in South Africa but lives in Portugal since she was 11 years old. She considers this country her home, this is where she studied, grew up and got married. Now, she is a mother to two children, she sees Portugal the place to live.<br \/>\nShe fell in love with chiropractic since she was young and went to study in the Welsh Institute of Chiropratic and graduated in 2016. In 2017 she completed a certification of 1st level of the Thompson technique. Her children are adjusted from birth and are taught about the importance of chiropractic in their lives.<br \/>\nWhat motivates her daily is helping people to have access to a health life and stop being miss led with treatments that just focus o the symptoms.<\/p>\n<p>[\/vc_column_text][vc_row_inner css=&#8221;.vc_custom_1494852056203{padding-top: 20px !important;}&#8221;][vc_column_inner width=&#8221;1\/2&#8243;][vc_column_text css=&#8221;.vc_custom_1518519925530{margin-bottom: 12px !important;}&#8221;]<\/p>\n<h5>Associa\u00e7\u00e3o Portuguesa dos Quiropr\u00e1ticos<\/h5>\n<p>[\/vc_column_text][vc_column_text]<\/p>\n<p class=\"p1\">(Portuguese Chiropractic Association)<br \/>\nwww.quiropratica.org<\/p>\n<p>[\/vc_column_text][\/vc_column_inner][vc_column_inner width=&#8221;1\/2&#8243;][vc_column_text css=&#8221;.vc_custom_1518519957472{margin-bottom: 12px !important;}&#8221;]<\/p>\n<h5>Federa\u00e7\u00e3o mundial de Quiropratica<\/h5>\n<p>[\/vc_column_text][vc_column_text]<\/p>\n<p class=\"p1\">(The World Federation of Chiropractic)<br \/>\nwww.wfc.org<\/p>\n<p>[\/vc_column_text][\/vc_column_inner][\/vc_row_inner][vc_row_inner css=&#8221;.vc_custom_1494852056203{padding-top: 20px !important;}&#8221;][vc_column_inner width=&#8221;1\/2&#8243;][vc_column_text css=&#8221;.vc_custom_1518519993241{margin-bottom: 12px !important;}&#8221;]<\/p>\n<h5>Academia europeia de Quiropratica<\/h5>\n<p>[\/vc_column_text][vc_column_text]<\/p>\n<p class=\"p1\">(European Academy of Chiropractic)<br \/>\nwww.chiropractic-ecu.org<\/p>\n<p>[\/vc_column_text][\/vc_column_inner][vc_column_inner width=&#8221;1\/2&#8243;][vc_column_text css=&#8221;.vc_custom_1518520024469{margin-bottom: 12px !important;}&#8221;]<\/p>\n<h5>Uni\u00e3o Quiropratica Europeia<\/h5>\n<p>[\/vc_column_text][vc_column_text]<\/p>\n<p class=\"p1\">(European Chiropractors&#8217; Union)<br \/>\nwww.chiropractic-ecu.org<\/p>\n<p>[\/vc_column_text][\/vc_column_inner][\/vc_row_inner][\/vc_column][vc_column width=&#8221;5\/12&#8243; col_padding=&#8221;1&#8243; col_padding_side=&#8221;left&#8221;][vc_single_image image=&#8221;696&#8243; img_size=&#8221;800&#215;1100&#8243; css=&#8221;.vc_custom_1518519841935{margin-bottom: 0px !important;}&#8221;][\/vc_column][\/vc_row]<\/p>\n","protected":false},"excerpt":{"rendered":"<p>[vc_row equal_height=&#8221;yes&#8221; content_placement=&#8221;middle&#8221; css=&#8221;.vc_custom_1494851871081{padding-top: 90px !important;padding-bottom: 90px !important;}&#8221;][vc_column width=&#8221;7\/12&#8243; col_padding=&#8221;2&#8243; col_padding_side=&#8221;right&#8221;][vc_column_text css=&#8221;.vc_custom_1527610913334{margin-bottom: 18px !important;}&#8221;] Tanya Parente, DC [\/vc_column_text][vc_column_text font_size=&#8221;medium&#8221;] Dr Tanya Parente was born in South Africa but lives in Portugal since she was 11 years old. She considers this country her home, this is where she studied, grew up [&hellip;]<\/p>\n","protected":false},"author":1,"featured_media":0,"parent":840,"menu_order":0,"comment_status":"closed","ping_status":"closed","template":"","meta":[],"_links":{"self":[{"href":"https:\/\/viverquiropratica.com\/en\/wp-json\/wp\/v2\/pages\/845"}],"collection":[{"href":"https:\/\/viverquiropratica.com\/en\/wp-json\/wp\/v2\/pages"}],"about":[{"href":"https:\/\/viverquiropratica.com\/en\/wp-json\/wp\/v2\/types\/page"}],"author":[{"embeddable":true,"href":"https:\/\/viverquiropratica.com\/en\/wp-json\/wp\/v2\/users\/1"}],"replies":[{"embeddable":true,"href":"https:\/\/viverquiropratica.com\/en\/wp-json\/wp\/v2\/comments?post=845"}],"version-history":[{"count":5,"href":"https:\/\/viverquiropratica.com\/en\/wp-json\/wp\/v2\/pages\/845\/revisions"}],"predecessor-version":[{"id":982,"href":"https:\/\/viverquiropratica.com\/en\/wp-json\/wp\/v2\/pages\/845\/revisions\/982"}],"up":[{"embeddable":true,"href":"https:\/\/viverquiropratica.com\/en\/wp-json\/wp\/v2\/pages\/840"}],"wp:attachment":[{"href":"https:\/\/viverquiropratica.com\/en\/wp-json\/wp\/v2\/media?parent=845"}],"curies":[{"name":"wp","href":"https:\/\/api.w.org\/{rel}","templated":true}]}}