{"id":988,"date":"2018-05-31T14:30:48","date_gmt":"2018-05-31T13:30:48","guid":{"rendered":"http:\/\/viverquiropratica-com.stackstaging.com\/?page_id=988"},"modified":"2020-11-13T12:01:24","modified_gmt":"2020-11-13T12:01:24","slug":"theo-j-koenen","status":"publish","type":"page","link":"https:\/\/viverquiropratica.com\/en\/our-team\/theo-j-koenen\/","title":{"rendered":"Theo J. Koenen"},"content":{"rendered":"<p>[vc_row equal_height=&#8221;yes&#8221; content_placement=&#8221;middle&#8221; css=&#8221;.vc_custom_1494851871081{padding-top: 90px !important;padding-bottom: 90px !important;}&#8221;][vc_column width=&#8221;7\/12&#8243; col_padding=&#8221;2&#8243; col_padding_side=&#8221;right&#8221;][vc_column_text css=&#8221;.vc_custom_1518515437861{margin-bottom: 18px !important;}&#8221;]<\/p>\n<h3>Theo J. Koenen DC., CACCP<\/h3>\n<p>[\/vc_column_text][vc_column_text font_size=&#8221;medium&#8221;]<\/p>\n<p class=\"p1\">It was in year 2002 that Dr. Theo Koenen moved to Portugal. He embraced the challenge of becoming fluent in Portuguese, is married and has three children. He is in love with Portugal, and it feels like home. He enjoys the culture, the country\u00b4s beauty and is a big fan of its gastronomy.<br \/>\nHe graduated from no Parker University of Chiropractic (USA) in January 1999, where he studied in various chiropractic techniques, that adapt to all ages. In 2010 he completed a 2 year post graduate program with the International Chiropractic Pediatric Association, where he specialized in Chiropractic for children, pregnancy and families. He also completed a course in Barcelona on pediatric cranial adjustments.<br \/>\nDr. Theo Koenen is a member of the Portuguese chiropractic association, International Chiropractic Pediatrics Association and the The World Federation of Chiropractic.<\/p>\n<p>[\/vc_column_text][vc_row_inner css=&#8221;.vc_custom_1494852056203{padding-top: 20px !important;}&#8221;][vc_column_inner width=&#8221;1\/2&#8243;][vc_column_text css=&#8221;.vc_custom_1518515589854{margin-bottom: 12px !important;}&#8221;]<\/p>\n<h5>Associa\u00e7\u00e3o Portuguesa dos Quiropr\u00e1ticos<\/h5>\n<p>[\/vc_column_text][vc_column_text]<\/p>\n<p class=\"p1\">(Portuguese Chiropractic Association)<br \/>\nwww.quiropratica.org<\/p>\n<p>[\/vc_column_text][\/vc_column_inner][vc_column_inner width=&#8221;1\/2&#8243;][vc_column_text css=&#8221;.vc_custom_1518515734819{margin-bottom: 12px !important;}&#8221;]<\/p>\n<h5>Associa\u00e7\u00e3o Internacional de Quiropratica na Pediatria<\/h5>\n<p>[\/vc_column_text][vc_column_text]<\/p>\n<p class=\"p1\">(International Chiropractic Pediatric Association)<br \/>\nwww.icpa4kids.com<\/p>\n<p>[\/vc_column_text][\/vc_column_inner][\/vc_row_inner][vc_row_inner css=&#8221;.vc_custom_1494852056203{padding-top: 20px !important;}&#8221;][vc_column_inner width=&#8221;1\/2&#8243;][vc_column_text css=&#8221;.vc_custom_1518515789096{margin-bottom: 12px !important;}&#8221;]<\/p>\n<h5>Federa\u00e7\u00e3o mundial de Quiropratica<\/h5>\n<p>[\/vc_column_text][vc_column_text]<\/p>\n<p class=\"p1\">(The World Federation of Chiropractic)<br \/>\nwww.wfc.org<\/p>\n<p>[\/vc_column_text][\/vc_column_inner][\/vc_row_inner][\/vc_column][vc_column width=&#8221;5\/12&#8243; col_padding=&#8221;1&#8243; col_padding_side=&#8221;left&#8221;][vc_single_image image=&#8221;805&#8243; img_size=&#8221;800&#215;1100&#8243; css=&#8221;.vc_custom_1519990560993{margin-bottom: 0px !important;}&#8221;][\/vc_column][\/vc_row]<\/p>\n","protected":false},"excerpt":{"rendered":"<p>[vc_row equal_height=&#8221;yes&#8221; content_placement=&#8221;middle&#8221; css=&#8221;.vc_custom_1494851871081{padding-top: 90px !important;padding-bottom: 90px !important;}&#8221;][vc_column width=&#8221;7\/12&#8243; col_padding=&#8221;2&#8243; col_padding_side=&#8221;right&#8221;][vc_column_text css=&#8221;.vc_custom_1518515437861{margin-bottom: 18px !important;}&#8221;] Theo J. Koenen DC., CACCP [\/vc_column_text][vc_column_text font_size=&#8221;medium&#8221;] It was in year 2002 that Dr. Theo Koenen moved to Portugal. He embraced the challenge of becoming fluent in Portuguese, is married and has three children. He is [&hellip;]<\/p>\n","protected":false},"author":1,"featured_media":0,"parent":840,"menu_order":0,"comment_status":"closed","ping_status":"closed","template":"","meta":[],"_links":{"self":[{"href":"https:\/\/viverquiropratica.com\/en\/wp-json\/wp\/v2\/pages\/988"}],"collection":[{"href":"https:\/\/viverquiropratica.com\/en\/wp-json\/wp\/v2\/pages"}],"about":[{"href":"https:\/\/viverquiropratica.com\/en\/wp-json\/wp\/v2\/types\/page"}],"author":[{"embeddable":true,"href":"https:\/\/viverquiropratica.com\/en\/wp-json\/wp\/v2\/users\/1"}],"replies":[{"embeddable":true,"href":"https:\/\/viverquiropratica.com\/en\/wp-json\/wp\/v2\/comments?post=988"}],"version-history":[{"count":5,"href":"https:\/\/viverquiropratica.com\/en\/wp-json\/wp\/v2\/pages\/988\/revisions"}],"predecessor-version":[{"id":1108,"href":"https:\/\/viverquiropratica.com\/en\/wp-json\/wp\/v2\/pages\/988\/revisions\/1108"}],"up":[{"embeddable":true,"href":"https:\/\/viverquiropratica.com\/en\/wp-json\/wp\/v2\/pages\/840"}],"wp:attachment":[{"href":"https:\/\/viverquiropratica.com\/en\/wp-json\/wp\/v2\/media?parent=988"}],"curies":[{"name":"wp","href":"https:\/\/api.w.org\/{rel}","templated":true}]}}